{"id":980,"date":"2021-06-26T06:06:26","date_gmt":"2021-06-26T06:06:26","guid":{"rendered":"http:\/\/garmischperu.com\/?page_id=980"},"modified":"2021-07-21T20:26:06","modified_gmt":"2021-07-21T20:26:06","slug":"home","status":"publish","type":"page","link":"https:\/\/garmischperu.com\/","title":{"rendered":"Garmisch"},"content":{"rendered":"\n<div class=\"wp-block-group alignfull is-layout-flow wp-block-group-is-layout-flow\">\n<div class=\"wp-block-columns is-layout-flex wp-container-core-columns-is-layout-28f84493 wp-block-columns-is-layout-flex\">\n<div class=\"wp-block-column is-vertically-aligned-center is-layout-flow wp-block-column-is-layout-flow\" style=\"flex-basis:35%\">\n<h6 class=\"has-text-color wp-block-heading\" style=\"color:#a2a2a2\">MANUFACTURING SINCE 2004<\/h6>\n\n\n\n<h1 class=\"wp-block-heading\">Colecci\u00f3n 2021<\/h1>\n\n\n\n<figure class=\"wp-block-image size-large is-style-rounded\"><img loading=\"lazy\" decoding=\"async\" width=\"1024\" height=\"576\" src=\"http:\/\/garmischperu.com\/wp-content\/uploads\/2021\/07\/g6-1024x576.jpg\" alt=\"\" class=\"wp-image-1284\" srcset=\"https:\/\/garmischperu.com\/wp-content\/uploads\/2021\/07\/g6-1024x576.jpg 1024w, https:\/\/garmischperu.com\/wp-content\/uploads\/2021\/07\/g6-300x169.jpg 300w, https:\/\/garmischperu.com\/wp-content\/uploads\/2021\/07\/g6-768x432.jpg 768w, https:\/\/garmischperu.com\/wp-content\/uploads\/2021\/07\/g6-1536x864.jpg 1536w, https:\/\/garmischperu.com\/wp-content\/uploads\/2021\/07\/g6-2048x1152.jpg 2048w\" sizes=\"auto, (max-width: 1024px) 100vw, 1024px\" \/><\/figure>\n<\/div>\n\n\n\n<div class=\"wp-block-column is-vertically-aligned-center is-layout-flow wp-block-column-is-layout-flow\" style=\"flex-basis:35%\">\n<figure class=\"wp-block-image size-large is-resized is-style-rounded\"><img loading=\"lazy\" decoding=\"async\" src=\"http:\/\/garmischperu.com\/wp-content\/uploads\/2021\/07\/g1-scaled.jpg\" alt=\"\" width=\"347\" height=\"195\"\/><\/figure>\n<\/div>\n\n\n\n<div class=\"wp-block-column is-vertically-aligned-center is-layout-flow wp-block-column-is-layout-flow\" style=\"flex-basis:30%\">\n<hr class=\"wp-block-separator has-text-color has-background\" style=\"background-color:#000000;color:#000000\"\/>\n\n\n\n<p>El Perchero de pared Garmisch (Modelo: Aleluya) es el complemento perfecto para cualquier armario. Util\u00edzalo como percha de pared, percha de ropa o percha de maleta. \u00bfY lo mejor? Se puede colgar en las paredes o en las puertas para liberar un precioso espacio en el suelo<\/p>\n\n\n\n<div class=\"wp-block-buttons is-layout-flex wp-block-buttons-is-layout-flex\">\n<div class=\"wp-block-button\"><a class=\"wp-block-button__link\" rel=\"#\">Learn More<\/a><\/div>\n<\/div>\n<\/div>\n<\/div>\n<\/div>\n\n\n\n<div class=\"wp-block-group alignfull is-layout-flow wp-block-group-is-layout-flow\">\n<div class=\"wp-block-media-text alignwide has-media-on-the-right is-stacked-on-mobile\" style=\"grid-template-columns:auto 27%\"><figure class=\"wp-block-media-text__media\"><img loading=\"lazy\" decoding=\"async\" width=\"976\" height=\"936\" src=\"http:\/\/garmischperu.com\/wp-content\/uploads\/2021\/07\/mauricioguillen.jpg\" alt=\"\" class=\"wp-image-1293 size-full\" srcset=\"https:\/\/garmischperu.com\/wp-content\/uploads\/2021\/07\/mauricioguillen.jpg 976w, https:\/\/garmischperu.com\/wp-content\/uploads\/2021\/07\/mauricioguillen-300x288.jpg 300w, https:\/\/garmischperu.com\/wp-content\/uploads\/2021\/07\/mauricioguillen-768x737.jpg 768w\" sizes=\"auto, (max-width: 976px) 100vw, 976px\" \/><\/figure><div class=\"wp-block-media-text__content\">\n<h2 class=\"wp-block-heading\">El creador<\/h2>\n\n\n\n<p>Mauricio Guill\u00e9n es un creativo, inventor profesional, dise\u00f1ador de productos, compositor, autodidacta y fundador de la empresa Creaneando. Mauricio tambi\u00e9n ha creado marcas como Krausshenke y M\u00f6gelgrosch. Actualmente es tambi\u00e9n due\u00f1o de Garmisch, una marca en la que explora nuevos dise\u00f1os de productos para el hogar y la oficina.<\/p>\n\n\n\n<p><strong>\u201cLas metas suelen ser espejismos que se convierten reales tarde o temprano si se camina sin parar en busca de ellas.\u201d<\/strong><\/p>\n\n\n\n<h5 class=\"wp-block-heading\">-Mauricio Guill\u00e9n<\/h5>\n<\/div><\/div>\n<\/div>\n\n\n\n<div class=\"wp-block-group alignfull is-layout-flow wp-block-group-is-layout-flow\">\n<div class=\"wp-block-media-text alignwide has-media-on-the-right is-stacked-on-mobile\" style=\"grid-template-columns:auto 27%\"><figure class=\"wp-block-media-text__media\"><img loading=\"lazy\" decoding=\"async\" width=\"598\" height=\"1000\" src=\"http:\/\/garmischperu.com\/wp-content\/uploads\/2021\/07\/per1111.jpg\" alt=\"\" class=\"wp-image-1307 size-full\" srcset=\"https:\/\/garmischperu.com\/wp-content\/uploads\/2021\/07\/per1111.jpg 598w, https:\/\/garmischperu.com\/wp-content\/uploads\/2021\/07\/per1111-179x300.jpg 179w\" sizes=\"auto, (max-width: 598px) 100vw, 598px\" \/><\/figure><div class=\"wp-block-media-text__content\">\n<h2 class=\"wp-block-heading\">Perchero de pie &#8211; Modelo: Rheno<\/h2>\n\n\n\n<p>Se trata de un perchero de pie muy resistente, que se ensambla en pocos minutos. Es resistente, estable y combina muy bien con cualquier tipo de ambiente. El dise\u00f1o es elegante y funcional. Tiene tres cuerpos met\u00e1licos, unidos para su montaje, recubiertos con pintura electrost\u00e1tica para soportar los elementos exteriores<\/p>\n<\/div><\/div>\n<\/div>\n\n\n\n<div class=\"wp-block-group alignfull is-layout-flow wp-block-group-is-layout-flow\">\n<div class=\"wp-block-media-text alignwide has-media-on-the-right is-stacked-on-mobile\" style=\"grid-template-columns:auto 27%\"><figure class=\"wp-block-media-text__media\"><img loading=\"lazy\" decoding=\"async\" width=\"875\" height=\"1024\" src=\"http:\/\/garmischperu.com\/wp-content\/uploads\/2021\/07\/2-875x1024.jpg\" alt=\"\" class=\"wp-image-1318 size-full\" srcset=\"https:\/\/garmischperu.com\/wp-content\/uploads\/2021\/07\/2-875x1024.jpg 875w, https:\/\/garmischperu.com\/wp-content\/uploads\/2021\/07\/2-256x300.jpg 256w, https:\/\/garmischperu.com\/wp-content\/uploads\/2021\/07\/2-768x899.jpg 768w, https:\/\/garmischperu.com\/wp-content\/uploads\/2021\/07\/2.jpg 1030w\" sizes=\"auto, (max-width: 875px) 100vw, 875px\" \/><\/figure><div class=\"wp-block-media-text__content\">\n<h2 class=\"wp-block-heading\">Organizador de celular y reloj &#8211; Modelo: MECHA-KIOTO<\/h2>\n\n\n\n<p>Este elegante organizador es perfecto para mantener el tel\u00e9fono m\u00f3vil y el reloj organizados y al alcance de la mano. El material de acero galvanizado es duradero y est\u00e1 recubierto con una bonita pintura electrost\u00e1tica para mantener su aspecto fresco, mientras que la base de madera sirve de soporte. La pieza frontal montada en la parte delantera del organizador simula la figura de alg\u00fan accesorio de robot japon\u00e9s .<\/p>\n<\/div><\/div>\n<\/div>\n\n\n\n<div class=\"wp-block-group alignfull has-background is-layout-flow wp-block-group-is-layout-flow\" style=\"background-color:#f9f9f9\"><\/div>\n","protected":false},"excerpt":{"rendered":"<p>MANUFACTURING SINCE 2004 Colecci\u00f3n 2021 El Perchero de pared Garmisch (Modelo: Aleluya) es el complemento perfecto para cualquier armario. Util\u00edzalo como percha de pared, percha de ropa o percha de maleta. \u00bfY lo mejor? Se puede colgar en las paredes o en las puertas para liberar un precioso espacio en el suelo El creador Mauricio [&hellip;]<\/p>\n","protected":false},"author":1,"featured_media":0,"parent":0,"menu_order":0,"comment_status":"closed","ping_status":"closed","template":"","meta":{"om_disable_all_campaigns":false,"_monsterinsights_skip_tracking":false,"_monsterinsights_sitenote_active":false,"_monsterinsights_sitenote_note":"","_monsterinsights_sitenote_category":0,"site-sidebar-layout":"no-sidebar","site-content-layout":"plain-container","ast-site-content-layout":"default","site-content-style":"default","site-sidebar-style":"default","ast-global-header-display":"","ast-banner-title-visibility":"","ast-main-header-display":"","ast-hfb-above-header-display":"","ast-hfb-below-header-display":"","ast-hfb-mobile-header-display":"","site-post-title":"disabled","ast-breadcrumbs-content":"","ast-featured-img":"disabled","footer-sml-layout":"","ast-disable-related-posts":"","theme-transparent-header-meta":"default","adv-header-id-meta":"","stick-header-meta":"","header-above-stick-meta":"","header-main-stick-meta":"","header-below-stick-meta":"","astra-migrate-meta-layouts":"default","ast-page-background-enabled":"default","ast-page-background-meta":{"desktop":{"background-color":"","background-image":"","background-repeat":"repeat","background-position":"center center","background-size":"auto","background-attachment":"scroll","background-type":"","background-media":"","overlay-type":"","overlay-color":"","overlay-opacity":"","overlay-gradient":""},"tablet":{"background-color":"","background-image":"","background-repeat":"repeat","background-position":"center center","background-size":"auto","background-attachment":"scroll","background-type":"","background-media":"","overlay-type":"","overlay-color":"","overlay-opacity":"","overlay-gradient":""},"mobile":{"background-color":"","background-image":"","background-repeat":"repeat","background-position":"center center","background-size":"auto","background-attachment":"scroll","background-type":"","background-media":"","overlay-type":"","overlay-color":"","overlay-opacity":"","overlay-gradient":""}},"ast-content-background-meta":{"desktop":{"background-color":"var(--ast-global-color-5)","background-image":"","background-repeat":"repeat","background-position":"center center","background-size":"auto","background-attachment":"scroll","background-type":"","background-media":"","overlay-type":"","overlay-color":"","overlay-opacity":"","overlay-gradient":""},"tablet":{"background-color":"var(--ast-global-color-5)","background-image":"","background-repeat":"repeat","background-position":"center center","background-size":"auto","background-attachment":"scroll","background-type":"","background-media":"","overlay-type":"","overlay-color":"","overlay-opacity":"","overlay-gradient":""},"mobile":{"background-color":"var(--ast-global-color-5)","background-image":"","background-repeat":"repeat","background-position":"center center","background-size":"auto","background-attachment":"scroll","background-type":"","background-media":"","overlay-type":"","overlay-color":"","overlay-opacity":"","overlay-gradient":""}},"footnotes":""},"class_list":["post-980","page","type-page","status-publish","hentry"],"aioseo_notices":[],"jetpack_sharing_enabled":true,"_links":{"self":[{"href":"https:\/\/garmischperu.com\/index.php?rest_route=\/wp\/v2\/pages\/980","targetHints":{"allow":["GET"]}}],"collection":[{"href":"https:\/\/garmischperu.com\/index.php?rest_route=\/wp\/v2\/pages"}],"about":[{"href":"https:\/\/garmischperu.com\/index.php?rest_route=\/wp\/v2\/types\/page"}],"author":[{"embeddable":true,"href":"https:\/\/garmischperu.com\/index.php?rest_route=\/wp\/v2\/users\/1"}],"replies":[{"embeddable":true,"href":"https:\/\/garmischperu.com\/index.php?rest_route=%2Fwp%2Fv2%2Fcomments&post=980"}],"version-history":[{"count":25,"href":"https:\/\/garmischperu.com\/index.php?rest_route=\/wp\/v2\/pages\/980\/revisions"}],"predecessor-version":[{"id":1323,"href":"https:\/\/garmischperu.com\/index.php?rest_route=\/wp\/v2\/pages\/980\/revisions\/1323"}],"wp:attachment":[{"href":"https:\/\/garmischperu.com\/index.php?rest_route=%2Fwp%2Fv2%2Fmedia&parent=980"}],"curies":[{"name":"wp","href":"https:\/\/api.w.org\/{rel}","templated":true}]}}